{"id":1419,"date":"2026-05-14T15:44:40","date_gmt":"2026-05-14T15:44:40","guid":{"rendered":"https:\/\/familytreestore.shop\/?post_type=product&#038;p=1419"},"modified":"2026-05-14T15:46:26","modified_gmt":"2026-05-14T15:46:26","slug":"merach-squat-machine-adjustable-resistance-foldable-leg-trainer-for-glutes-full-body-workout-350lbs-capacity","status":"publish","type":"product","link":"https:\/\/familytreestore.shop\/de\/produkt\/merach-squat-machine-adjustable-resistance-foldable-leg-trainer-for-glutes-full-body-workout-350lbs-capacity\/","title":{"rendered":"MERACH Squat Machine - einstellbarer Widerstand faltbare Beintrainer f\u00fcr Ges\u00e4\u00df &amp; Ganzk\u00f6rper-Workout, 350lbs Kapazit\u00e4t"},"content":{"rendered":"<div data-elementor-type=\"product-post\" data-elementor-id=\"1419\" class=\"elementor elementor-1419\" data-elementor-post-type=\"product\">\n\t\t\t\t<div class=\"elementor-element elementor-element-6bf2b3ec e-flex e-con-boxed e-con e-parent\" data-id=\"6bf2b3ec\" data-element_type=\"container\" data-e-type=\"container\" data-settings=\"{&quot;ekit_has_onepagescroll_dot&quot;:&quot;yes&quot;}\">\n\t\t\t\t\t<div class=\"e-con-inner\">\n\t\t\t\t<div class=\"elementor-element elementor-element-7b0123df elementor-widget elementor-widget-image\" data-id=\"7b0123df\" data-element_type=\"widget\" data-e-type=\"widget\" data-settings=\"{&quot;ekit_we_effect_on&quot;:&quot;none&quot;}\" data-widget_type=\"image.default\">\n\t\t\t\t\t\t\t\t\t\t\t\t\t\t\t<img fetchpriority=\"high\" decoding=\"async\" width=\"1464\" height=\"600\" src=\"https:\/\/familytreestore.shop\/wp-content\/uploads\/2026\/05\/1-7.jpg\" class=\"attachment-full size-full wp-image-1432 wvs-archive-product-image\" alt=\"\" srcset=\"https:\/\/familytreestore.shop\/wp-content\/uploads\/2026\/05\/1-7.jpg 1464w, https:\/\/familytreestore.shop\/wp-content\/uploads\/2026\/05\/1-7-300x123.jpg 300w, https:\/\/familytreestore.shop\/wp-content\/uploads\/2026\/05\/1-7-1024x420.jpg 1024w, https:\/\/familytreestore.shop\/wp-content\/uploads\/2026\/05\/1-7-768x315.jpg 768w, https:\/\/familytreestore.shop\/wp-content\/uploads\/2026\/05\/1-7-18x7.jpg 18w, https:\/\/familytreestore.shop\/wp-content\/uploads\/2026\/05\/1-7-600x246.jpg 600w\" sizes=\"(max-width: 1464px) 100vw, 1464px\" \/>\t\t\t\t\t\t\t\t\t\t\t\t\t\t\t<\/div>\n\t\t\t\t<div class=\"elementor-element elementor-element-546921c1 elementor-widget elementor-widget-image\" data-id=\"546921c1\" data-element_type=\"widget\" data-e-type=\"widget\" data-settings=\"{&quot;ekit_we_effect_on&quot;:&quot;none&quot;}\" data-widget_type=\"image.default\">\n\t\t\t\t\t\t\t\t\t\t\t\t\t\t\t<img decoding=\"async\" width=\"1464\" height=\"600\" src=\"https:\/\/familytreestore.shop\/wp-content\/uploads\/2026\/05\/2-2.jpg\" class=\"attachment-full size-full wp-image-1433 wvs-archive-product-image\" alt=\"\" srcset=\"https:\/\/familytreestore.shop\/wp-content\/uploads\/2026\/05\/2-2.jpg 1464w, https:\/\/familytreestore.shop\/wp-content\/uploads\/2026\/05\/2-2-300x123.jpg 300w, https:\/\/familytreestore.shop\/wp-content\/uploads\/2026\/05\/2-2-1024x420.jpg 1024w, https:\/\/familytreestore.shop\/wp-content\/uploads\/2026\/05\/2-2-768x315.jpg 768w, https:\/\/familytreestore.shop\/wp-content\/uploads\/2026\/05\/2-2-18x7.jpg 18w, https:\/\/familytreestore.shop\/wp-content\/uploads\/2026\/05\/2-2-600x246.jpg 600w\" sizes=\"(max-width: 1464px) 100vw, 1464px\" \/>\t\t\t\t\t\t\t\t\t\t\t\t\t\t\t<\/div>\n\t\t\t\t<div class=\"elementor-element elementor-element-197c2ea1 elementor-widget elementor-widget-image\" data-id=\"197c2ea1\" data-element_type=\"widget\" data-e-type=\"widget\" data-settings=\"{&quot;ekit_we_effect_on&quot;:&quot;none&quot;}\" data-widget_type=\"image.default\">\n\t\t\t\t\t\t\t\t\t\t\t\t\t\t\t<img decoding=\"async\" width=\"1464\" height=\"600\" src=\"https:\/\/familytreestore.shop\/wp-content\/uploads\/2026\/05\/2-1.jpg\" class=\"attachment-full size-full wp-image-1434 wvs-archive-product-image\" alt=\"\" srcset=\"https:\/\/familytreestore.shop\/wp-content\/uploads\/2026\/05\/2-1.jpg 1464w, https:\/\/familytreestore.shop\/wp-content\/uploads\/2026\/05\/2-1-300x123.jpg 300w, https:\/\/familytreestore.shop\/wp-content\/uploads\/2026\/05\/2-1-1024x420.jpg 1024w, https:\/\/familytreestore.shop\/wp-content\/uploads\/2026\/05\/2-1-768x315.jpg 768w, https:\/\/familytreestore.shop\/wp-content\/uploads\/2026\/05\/2-1-18x7.jpg 18w, https:\/\/familytreestore.shop\/wp-content\/uploads\/2026\/05\/2-1-600x246.jpg 600w\" sizes=\"(max-width: 1464px) 100vw, 1464px\" \/>\t\t\t\t\t\t\t\t\t\t\t\t\t\t\t<\/div>\n\t\t\t\t<div class=\"elementor-element elementor-element-59981c8a elementor-widget elementor-widget-image\" data-id=\"59981c8a\" data-element_type=\"widget\" data-e-type=\"widget\" data-settings=\"{&quot;ekit_we_effect_on&quot;:&quot;none&quot;}\" data-widget_type=\"image.default\">\n\t\t\t\t\t\t\t\t\t\t\t\t\t\t\t<img loading=\"lazy\" decoding=\"async\" width=\"1464\" height=\"600\" src=\"https:\/\/familytreestore.shop\/wp-content\/uploads\/2026\/05\/3-2.jpg\" class=\"attachment-full size-full wp-image-1435 wvs-archive-product-image\" alt=\"\" srcset=\"https:\/\/familytreestore.shop\/wp-content\/uploads\/2026\/05\/3-2.jpg 1464w, https:\/\/familytreestore.shop\/wp-content\/uploads\/2026\/05\/3-2-300x123.jpg 300w, https:\/\/familytreestore.shop\/wp-content\/uploads\/2026\/05\/3-2-1024x420.jpg 1024w, https:\/\/familytreestore.shop\/wp-content\/uploads\/2026\/05\/3-2-768x315.jpg 768w, https:\/\/familytreestore.shop\/wp-content\/uploads\/2026\/05\/3-2-18x7.jpg 18w, https:\/\/familytreestore.shop\/wp-content\/uploads\/2026\/05\/3-2-600x246.jpg 600w\" sizes=\"(max-width: 1464px) 100vw, 1464px\" \/>\t\t\t\t\t\t\t\t\t\t\t\t\t\t\t<\/div>\n\t\t\t\t<div class=\"elementor-element elementor-element-2f73df62 elementor--h-position-center elementor--v-position-middle elementor-arrows-position-inside elementor-pagination-position-inside elementor-widget elementor-widget-slides\" data-id=\"2f73df62\" data-element_type=\"widget\" data-e-type=\"widget\" data-settings=\"{&quot;navigation&quot;:&quot;both&quot;,&quot;autoplay&quot;:&quot;yes&quot;,&quot;pause_on_hover&quot;:&quot;yes&quot;,&quot;pause_on_interaction&quot;:&quot;yes&quot;,&quot;autoplay_speed&quot;:5000,&quot;infinite&quot;:&quot;yes&quot;,&quot;transition&quot;:&quot;slide&quot;,&quot;transition_speed&quot;:500,&quot;ekit_we_effect_on&quot;:&quot;none&quot;}\" data-widget_type=\"slides.default\">\n\t\t\t\t\t\t\t\t\t\t<div class=\"elementor-slides-wrapper elementor-main-swiper swiper\" role=\"region\" aria-roledescription=\"carousel\" aria-label=\"Folien\" dir=\"ltr\" data-animation=\"fadeInUp\">\r\n\t\t\t\t<div class=\"swiper-wrapper elementor-slides\">\r\n\t\t\t\t\t\t\t\t\t\t<div class=\"elementor-repeater-item-82e38b4 swiper-slide\" role=\"group\" aria-roledescription=\"slide\"><div class=\"swiper-slide-bg\" role=\"img\" aria-label=\"d86d7c9f-8a57-48e1-a436-984d81412273.__CR001464600_PT0_SX1464_V1___-3.jpg\"><\/div><div class=\"swiper-slide-inner\" ><div class=\"swiper-slide-contents\"><\/div><\/div><\/div><div class=\"elementor-repeater-item-d9cbbcf swiper-slide\" role=\"group\" aria-roledescription=\"slide\"><div class=\"swiper-slide-bg\" role=\"img\" aria-label=\"8e09c3cc-1a8b-49ac-9396-a049585e3e15.__CR001464600_PT0_SX1464_V1___.jpg\"><\/div><div class=\"swiper-slide-inner\" ><div class=\"swiper-slide-contents\"><\/div><\/div><\/div><div class=\"elementor-repeater-item-5823ef7 swiper-slide\" role=\"group\" aria-roledescription=\"slide\"><div class=\"swiper-slide-bg\" role=\"img\" aria-label=\"bfb62db1-e003-4bb2-914f-5f22ea0a0a89.__CR001464600_PT0_SX1464_V1___.jpg\"><\/div><div class=\"swiper-slide-inner\" ><div class=\"swiper-slide-contents\"><\/div><\/div><\/div>\t\t\t\t<\/div>\r\n\t\t\t\t\t\t\t\t\t\t\t\t\t\t\t<div class=\"elementor-swiper-button elementor-swiper-button-prev\" role=\"button\" tabindex=\"0\" aria-label=\"Vorheriges Dia\">\r\n\t\t\t\t\t\t\t<svg aria-hidden=\"true\" class=\"e-font-icon-svg e-eicon-chevron-left\" viewbox=\"0 0 1000 1000\" xmlns=\"http:\/\/www.w3.org\/2000\/svg\"><path d=\"M646 125C629 125 613 133 604 142L308 442C296 454 292 471 292 487 292 504 296 521 308 533L604 854C617 867 629 875 646 875 663 875 679 871 692 858 704 846 713 829 713 812 713 796 708 779 692 767L438 487 692 225C700 217 708 204 708 187 708 171 704 154 692 142 675 129 663 125 646 125Z\"><\/path><\/svg>\t\t\t\t\t\t<\/div>\r\n\t\t\t\t\t\t<div class=\"elementor-swiper-button elementor-swiper-button-next\" role=\"button\" tabindex=\"0\" aria-label=\"N\u00e4chste Folie\">\r\n\t\t\t\t\t\t\t<svg aria-hidden=\"true\" class=\"e-font-icon-svg e-eicon-chevron-right\" viewbox=\"0 0 1000 1000\" xmlns=\"http:\/\/www.w3.org\/2000\/svg\"><path d=\"M696 533C708 521 713 504 713 487 713 471 708 454 696 446L400 146C388 133 375 125 354 125 338 125 325 129 313 142 300 154 292 171 292 187 292 204 296 221 308 233L563 492 304 771C292 783 288 800 288 817 288 833 296 850 308 863 321 871 338 875 354 875 371 875 388 867 400 854L696 533Z\"><\/path><\/svg>\t\t\t\t\t\t<\/div>\r\n\t\t\t\t\t\t\t\t\t\t\t\t\t\t\t\t<div class=\"swiper-pagination\"><\/div>\r\n\t\t\t\t\t\t\t\t\t\t\t\t<\/div>\r\n\t\t\t\t\t\t\t\t<\/div>\n\t\t\t\t<div class=\"elementor-element elementor-element-2521fd7 elementor-widget elementor-widget-image\" data-id=\"2521fd7\" data-element_type=\"widget\" data-e-type=\"widget\" data-settings=\"{&quot;ekit_we_effect_on&quot;:&quot;none&quot;}\" data-widget_type=\"image.default\">\n\t\t\t\t\t\t\t\t\t\t\t\t\t\t\t<img loading=\"lazy\" decoding=\"async\" width=\"800\" height=\"345\" src=\"https:\/\/familytreestore.shop\/wp-content\/uploads\/2026\/05\/5-1-1024x441.png\" class=\"attachment-large size-large wp-image-1439 wvs-archive-product-image\" alt=\"\" srcset=\"https:\/\/familytreestore.shop\/wp-content\/uploads\/2026\/05\/5-1-1024x441.png 1024w, https:\/\/familytreestore.shop\/wp-content\/uploads\/2026\/05\/5-1-300x129.png 300w, https:\/\/familytreestore.shop\/wp-content\/uploads\/2026\/05\/5-1-768x330.png 768w, https:\/\/familytreestore.shop\/wp-content\/uploads\/2026\/05\/5-1-18x8.png 18w, https:\/\/familytreestore.shop\/wp-content\/uploads\/2026\/05\/5-1-600x258.png 600w, https:\/\/familytreestore.shop\/wp-content\/uploads\/2026\/05\/5-1.png 1534w\" sizes=\"(max-width: 800px) 100vw, 800px\" \/>\t\t\t\t\t\t\t\t\t\t\t\t\t\t\t<\/div>\n\t\t<div class=\"elementor-element elementor-element-1a1a3900 e-grid e-con-full e-con e-child\" data-id=\"1a1a3900\" data-element_type=\"container\" data-e-type=\"container\" data-settings=\"{&quot;ekit_has_onepagescroll_dot&quot;:&quot;yes&quot;}\">\n\t\t\t\t<div class=\"elementor-element elementor-element-142fbeb1 elementor-widget elementor-widget-text-editor\" data-id=\"142fbeb1\" data-element_type=\"widget\" data-e-type=\"widget\" data-settings=\"{&quot;ekit_we_effect_on&quot;:&quot;none&quot;}\" data-widget_type=\"text-editor.default\">\n\t\t\t\t\t\t\t\t\t<!DOCTYPE html>\n<html lang=\"en\">\n<head>\n    <meta charset=\"UTF-8\">\n    <meta name=\"viewport\" content=\"width=device-width, initial-scale=1.0\">\n    <title>Product Specs<\/title>\n    <style>\n        \/* Container styling *\/\n        .spec-table {\n            width: 100%;\n            max-width: 550px;\n            font-family: Arial, sans-serif;\n            font-size: 14px;\n        }\n        \/* Single row with full-width underline *\/\n        .spec-row {\n            display: flex;\n            width: 100%;\n            border-bottom: 1px solid #333;\n            padding: 6px 0;\n            margin: 1px 0;\n            align-items: center;\n        }\n        \/* Label styling - fixed min-width to avoid overlap *\/\n        .spec-label {\n            min-width: 240px;\n            text-align: left;\n            white-space: nowrap;\n            overflow: hidden;\n            text-overflow: ellipsis;\n        }\n        \/* Value styling - left-aligned, fills remaining space *\/\n        .spec-value {\n            text-align: left;\n            flex: 1;\n        }\n    <\/style>\n<\/head>\n<body>\n    <div class=\"spec-table\">\n        <div class=\"spec-row\">\n            <span class=\"spec-label\">Enthaltene Komponenten<\/span>\n            <span class=\"spec-value\">1* Beinmaschine<\/span>\n        <\/div>\n        <div class=\"spec-row\">\n            <span class=\"spec-label\">Hersteller<\/span>\n            <span class=\"spec-value\">MERACH<\/span>\n        <\/div>\n        <div class=\"spec-row\">\n            <span class=\"spec-label\">Produkt-Garantie<\/span>\n            <span class=\"spec-value\">1 Jahr<\/span>\n        <\/div>\n        <div class=\"spec-row\">\n            <span class=\"spec-label\">Artikel Abmessungen T x B x H<\/span>\n            <span class=\"spec-value\">110D x 49W x 125H Zentimeter<\/span>\n        <\/div>\n        <div class=\"spec-row\">\n            <span class=\"spec-label\">Spannung Unterst\u00fctzt<\/span>\n            <span class=\"spec-value\">einstellbar<\/span>\n        <\/div>\n        <div class=\"spec-row\">\n            <span class=\"spec-label\">Riemen Typ<\/span>\n            <span class=\"spec-value\">Elastische Widerstandsriemen<\/span>\n        <\/div>\n        <div class=\"spec-row\">\n            <span class=\"spec-label\">Material Typ<\/span>\n            <span class=\"spec-value\">Metall<\/span>\n        <\/div>\n    <\/div>\n<\/body>\n<\/html>\t\t\t\t\t\t\t\t<\/div>\n\t\t\t\t<div class=\"elementor-element elementor-element-4f214d99 elementor-widget elementor-widget-text-editor\" data-id=\"4f214d99\" data-element_type=\"widget\" data-e-type=\"widget\" data-settings=\"{&quot;ekit_we_effect_on&quot;:&quot;none&quot;}\" data-widget_type=\"text-editor.default\">\n\t\t\t\t\t\t\t\t\t<ul class=\"a-unordered-list a-vertical a-spacing-mini\"><li class=\"a-spacing-mini\"><span class=\"a-list-item\">\u3010High-Value, Low Budget\u3011Das MERACH R07 Squat Exercise Rowing Machine ist eine kosteng\u00fcnstige L\u00f6sung f\u00fcr ein Ganzk\u00f6rpertraining, das die meisten Hauptmuskelgruppen anspricht. Es ist perfekt, um Kalorien zu verbrennen, Muskeln aufzubauen und die Ausdauer zu verbessern, ohne die Bank zu sprengen.<\/span><\/li><li class=\"a-spacing-mini\"><span class=\"a-list-item\">\u3010Echtzeit-Feedback und Widerstandsstufen\u3011Das MERACH R07 Squat Exercise Row Ger\u00e4t verf\u00fcgt \u00fcber ein eingebautes LCD-Display, das Echtzeit-Feedback zu Ihrem Training liefert, einschlie\u00dflich Kalorienverbrauch, Entfernung, Zeit und mehr. Das Ger\u00e4t enth\u00e4lt au\u00dferdem drei Widerstandsb\u00e4nder, mit denen Sie Ihr Training an Ihr Fitnessniveau und Ihre Ziele anpassen k\u00f6nnen. Jedes Band bietet einen Widerstand von ca. 22 Pfund und erm\u00f6glicht so ein effektives Training, das Sie auf allen Ebenen fordert.<\/span><\/li><\/ul>\t\t\t\t\t\t\t\t<\/div>\n\t\t\t\t<\/div>\n\t\t\t\t\t<\/div>\n\t\t\t\t<\/div>\n\t\t\t\t<\/div>","protected":false},"excerpt":{"rendered":"<p>Product Specs Included Components 1* leg machine Manufacturer MERACH Product Warranty 1 Year Item Dimensions D x W x H 110D x 49W x 125H centimetres Tension Supported adjustable Strap Type Elastic resistance straps Material Type Metal \u3010High-Value, Low Budget\u3011The MERACH R07 Squat Exercise Rowing Machine is a cost-effective solution for a full-body workout that [&hellip;]<\/p>\n","protected":false},"featured_media":1422,"comment_status":"open","ping_status":"closed","template":"","meta":{"_acf_changed":false},"product_brand":[],"product_cat":[31,35],"product_tag":[],"class_list":{"0":"post-1419","1":"product","2":"type-product","3":"status-publish","4":"has-post-thumbnail","6":"product_cat-fitness","7":"product_cat-new-in","9":"first","10":"instock","11":"sale","12":"shipping-taxable","13":"purchasable","14":"product-type-variable","15":"has-default-attributes","16":"wvs-archive-product-wrapper"},"acf":[],"_links":{"self":[{"href":"https:\/\/familytreestore.shop\/de\/wp-json\/wp\/v2\/product\/1419","targetHints":{"allow":["GET"]}}],"collection":[{"href":"https:\/\/familytreestore.shop\/de\/wp-json\/wp\/v2\/product"}],"about":[{"href":"https:\/\/familytreestore.shop\/de\/wp-json\/wp\/v2\/types\/product"}],"replies":[{"embeddable":true,"href":"https:\/\/familytreestore.shop\/de\/wp-json\/wp\/v2\/comments?post=1419"}],"version-history":[{"count":4,"href":"https:\/\/familytreestore.shop\/de\/wp-json\/wp\/v2\/product\/1419\/revisions"}],"predecessor-version":[{"id":1446,"href":"https:\/\/familytreestore.shop\/de\/wp-json\/wp\/v2\/product\/1419\/revisions\/1446"}],"wp:featuredmedia":[{"embeddable":true,"href":"https:\/\/familytreestore.shop\/de\/wp-json\/wp\/v2\/media\/1422"}],"wp:attachment":[{"href":"https:\/\/familytreestore.shop\/de\/wp-json\/wp\/v2\/media?parent=1419"}],"wp:term":[{"taxonomy":"product_brand","embeddable":true,"href":"https:\/\/familytreestore.shop\/de\/wp-json\/wp\/v2\/product_brand?post=1419"},{"taxonomy":"product_cat","embeddable":true,"href":"https:\/\/familytreestore.shop\/de\/wp-json\/wp\/v2\/product_cat?post=1419"},{"taxonomy":"product_tag","embeddable":true,"href":"https:\/\/familytreestore.shop\/de\/wp-json\/wp\/v2\/product_tag?post=1419"}],"curies":[{"name":"wp","href":"https:\/\/api.w.org\/{rel}","templated":true}]}}