{"id":1042,"date":"2026-05-14T15:02:35","date_gmt":"2026-05-14T15:02:35","guid":{"rendered":"https:\/\/familytreestore.shop\/?post_type=product&#038;p=1042"},"modified":"2026-05-14T15:09:42","modified_gmt":"2026-05-14T15:09:42","slug":"finlux-50-inch-4k-hdr-led-smart-tv-mu24f-netflix-youtube-prime-video-disney-now-tv-tnt-sports-alexa-dolby-atmos-dolby-vision-dts-virtual-x-dts-hd-motion-flow-micro-dimming","status":"publish","type":"product","link":"https:\/\/familytreestore.shop\/de\/produkt\/finlux-50-inch-4k-hdr-led-smart-tv-mu24f-netflix-youtube-prime-video-disney-now-tv-tnt-sports-alexa-dolby-atmos-dolby-vision-dts-virtual-x-dts-hd-motion-flow-micro-dimming\/","title":{"rendered":"Finlux 50 Zoll 4K HDR LED Smart TV - MU24F - Netflix - YouTube - Prime Video - Disney+ - Now TV - TNT Sports - Alexa - Dolby Atmos - Dolby Vision - DTS Virtual X - DTS HD - Motion Flow - Micro Dimming"},"content":{"rendered":"<div data-elementor-type=\"product-post\" data-elementor-id=\"1042\" class=\"elementor elementor-1042\" data-elementor-post-type=\"product\">\n\t\t\t\t<div class=\"elementor-element elementor-element-352e0086 e-flex e-con-boxed e-con e-parent\" data-id=\"352e0086\" data-element_type=\"container\" data-e-type=\"container\" data-settings=\"{&quot;ekit_has_onepagescroll_dot&quot;:&quot;yes&quot;}\">\n\t\t\t\t\t<div class=\"e-con-inner\">\n\t\t\t\t<div class=\"elementor-element elementor-element-77583c5d elementor-widget elementor-widget-image\" data-id=\"77583c5d\" data-element_type=\"widget\" data-e-type=\"widget\" data-settings=\"{&quot;ekit_we_effect_on&quot;:&quot;none&quot;}\" data-widget_type=\"image.default\">\n\t\t\t\t\t\t\t\t\t\t\t\t\t\t\t<img fetchpriority=\"high\" decoding=\"async\" width=\"1500\" height=\"1000\" src=\"https:\/\/familytreestore.shop\/wp-content\/uploads\/2026\/05\/81PFse3SpQL._AC_SL1500_.jpg\" class=\"attachment-full size-full wp-image-1050 wvs-archive-product-image\" alt=\"\" srcset=\"https:\/\/familytreestore.shop\/wp-content\/uploads\/2026\/05\/81PFse3SpQL._AC_SL1500_.jpg 1500w, https:\/\/familytreestore.shop\/wp-content\/uploads\/2026\/05\/81PFse3SpQL._AC_SL1500_-300x200.jpg 300w, https:\/\/familytreestore.shop\/wp-content\/uploads\/2026\/05\/81PFse3SpQL._AC_SL1500_-1024x683.jpg 1024w, https:\/\/familytreestore.shop\/wp-content\/uploads\/2026\/05\/81PFse3SpQL._AC_SL1500_-768x512.jpg 768w, https:\/\/familytreestore.shop\/wp-content\/uploads\/2026\/05\/81PFse3SpQL._AC_SL1500_-18x12.jpg 18w, https:\/\/familytreestore.shop\/wp-content\/uploads\/2026\/05\/81PFse3SpQL._AC_SL1500_-600x400.jpg 600w\" sizes=\"(max-width: 1500px) 100vw, 1500px\" \/>\t\t\t\t\t\t\t\t\t\t\t\t\t\t\t<\/div>\n\t\t\t\t<div class=\"elementor-element elementor-element-4b329380 elementor-widget elementor-widget-image\" data-id=\"4b329380\" data-element_type=\"widget\" data-e-type=\"widget\" data-settings=\"{&quot;ekit_we_effect_on&quot;:&quot;none&quot;}\" data-widget_type=\"image.default\">\n\t\t\t\t\t\t\t\t\t\t\t\t\t\t\t<img decoding=\"async\" width=\"1500\" height=\"1000\" src=\"https:\/\/familytreestore.shop\/wp-content\/uploads\/2026\/05\/711aCdWd40L._AC_SL1500_.jpg\" class=\"attachment-full size-full wp-image-1051 wvs-archive-product-image\" alt=\"\" srcset=\"https:\/\/familytreestore.shop\/wp-content\/uploads\/2026\/05\/711aCdWd40L._AC_SL1500_.jpg 1500w, https:\/\/familytreestore.shop\/wp-content\/uploads\/2026\/05\/711aCdWd40L._AC_SL1500_-300x200.jpg 300w, https:\/\/familytreestore.shop\/wp-content\/uploads\/2026\/05\/711aCdWd40L._AC_SL1500_-1024x683.jpg 1024w, https:\/\/familytreestore.shop\/wp-content\/uploads\/2026\/05\/711aCdWd40L._AC_SL1500_-768x512.jpg 768w, https:\/\/familytreestore.shop\/wp-content\/uploads\/2026\/05\/711aCdWd40L._AC_SL1500_-18x12.jpg 18w, https:\/\/familytreestore.shop\/wp-content\/uploads\/2026\/05\/711aCdWd40L._AC_SL1500_-600x400.jpg 600w\" sizes=\"(max-width: 1500px) 100vw, 1500px\" \/>\t\t\t\t\t\t\t\t\t\t\t\t\t\t\t<\/div>\n\t\t\t\t<div class=\"elementor-element elementor-element-11cdac33 elementor-widget elementor-widget-image\" data-id=\"11cdac33\" data-element_type=\"widget\" data-e-type=\"widget\" data-settings=\"{&quot;ekit_we_effect_on&quot;:&quot;none&quot;}\" data-widget_type=\"image.default\">\n\t\t\t\t\t\t\t\t\t\t\t\t\t\t\t<img decoding=\"async\" width=\"1500\" height=\"1000\" src=\"https:\/\/familytreestore.shop\/wp-content\/uploads\/2026\/05\/812w4HVqNL._AC_SL1500_.jpg\" class=\"attachment-full size-full wp-image-1052 wvs-archive-product-image\" alt=\"\" srcset=\"https:\/\/familytreestore.shop\/wp-content\/uploads\/2026\/05\/812w4HVqNL._AC_SL1500_.jpg 1500w, https:\/\/familytreestore.shop\/wp-content\/uploads\/2026\/05\/812w4HVqNL._AC_SL1500_-300x200.jpg 300w, https:\/\/familytreestore.shop\/wp-content\/uploads\/2026\/05\/812w4HVqNL._AC_SL1500_-1024x683.jpg 1024w, https:\/\/familytreestore.shop\/wp-content\/uploads\/2026\/05\/812w4HVqNL._AC_SL1500_-768x512.jpg 768w, https:\/\/familytreestore.shop\/wp-content\/uploads\/2026\/05\/812w4HVqNL._AC_SL1500_-18x12.jpg 18w, https:\/\/familytreestore.shop\/wp-content\/uploads\/2026\/05\/812w4HVqNL._AC_SL1500_-600x400.jpg 600w\" sizes=\"(max-width: 1500px) 100vw, 1500px\" \/>\t\t\t\t\t\t\t\t\t\t\t\t\t\t\t<\/div>\n\t\t\t\t<div class=\"elementor-element elementor-element-48e0a0c9 elementor-widget elementor-widget-image\" data-id=\"48e0a0c9\" data-element_type=\"widget\" data-e-type=\"widget\" data-settings=\"{&quot;ekit_we_effect_on&quot;:&quot;none&quot;}\" data-widget_type=\"image.default\">\n\t\t\t\t\t\t\t\t\t\t\t\t\t\t\t<img loading=\"lazy\" decoding=\"async\" width=\"800\" height=\"695\" src=\"https:\/\/familytreestore.shop\/wp-content\/uploads\/2026\/05\/ea942e0361f74bf383a53744ddc61510_tplv-t5fjg24jzw-resize-jpeg_800_800-1.jpeg\" class=\"attachment-full size-full wp-image-1053 wvs-archive-product-image\" alt=\"\" srcset=\"https:\/\/familytreestore.shop\/wp-content\/uploads\/2026\/05\/ea942e0361f74bf383a53744ddc61510_tplv-t5fjg24jzw-resize-jpeg_800_800-1.jpeg 800w, https:\/\/familytreestore.shop\/wp-content\/uploads\/2026\/05\/ea942e0361f74bf383a53744ddc61510_tplv-t5fjg24jzw-resize-jpeg_800_800-1-300x261.jpeg 300w, https:\/\/familytreestore.shop\/wp-content\/uploads\/2026\/05\/ea942e0361f74bf383a53744ddc61510_tplv-t5fjg24jzw-resize-jpeg_800_800-1-768x667.jpeg 768w, https:\/\/familytreestore.shop\/wp-content\/uploads\/2026\/05\/ea942e0361f74bf383a53744ddc61510_tplv-t5fjg24jzw-resize-jpeg_800_800-1-14x12.jpeg 14w, https:\/\/familytreestore.shop\/wp-content\/uploads\/2026\/05\/ea942e0361f74bf383a53744ddc61510_tplv-t5fjg24jzw-resize-jpeg_800_800-1-600x521.jpeg 600w\" sizes=\"(max-width: 800px) 100vw, 800px\" \/>\t\t\t\t\t\t\t\t\t\t\t\t\t\t\t<\/div>\n\t\t\t\t\t<\/div>\n\t\t\t\t<\/div>\n\t\t<div class=\"elementor-element elementor-element-3ec93d39 e-flex e-con-boxed e-con e-parent\" data-id=\"3ec93d39\" data-element_type=\"container\" data-e-type=\"container\" data-settings=\"{&quot;ekit_has_onepagescroll_dot&quot;:&quot;yes&quot;}\">\n\t\t\t\t\t<div class=\"e-con-inner\">\n\t\t\t\t<div class=\"elementor-element elementor-element-5070f89 elementor-position-left elementor-vertical-align-middle elementor-widget elementor-widget-image-box\" data-id=\"5070f89\" data-element_type=\"widget\" data-e-type=\"widget\" data-settings=\"{&quot;ekit_we_effect_on&quot;:&quot;none&quot;}\" data-widget_type=\"image-box.default\">\n\t\t\t\t\t<div class=\"elementor-image-box-wrapper\"><figure class=\"elementor-image-box-img\"><img loading=\"lazy\" decoding=\"async\" width=\"1412\" height=\"1444\" src=\"https:\/\/familytreestore.shop\/wp-content\/uploads\/2026\/05\/71eRmHf-qAL._AC_SL1500_-5.jpg\" class=\"attachment-full size-full wp-image-1054 wvs-archive-product-image\" alt=\"\" srcset=\"https:\/\/familytreestore.shop\/wp-content\/uploads\/2026\/05\/71eRmHf-qAL._AC_SL1500_-5.jpg 1412w, https:\/\/familytreestore.shop\/wp-content\/uploads\/2026\/05\/71eRmHf-qAL._AC_SL1500_-5-293x300.jpg 293w, https:\/\/familytreestore.shop\/wp-content\/uploads\/2026\/05\/71eRmHf-qAL._AC_SL1500_-5-1001x1024.jpg 1001w, https:\/\/familytreestore.shop\/wp-content\/uploads\/2026\/05\/71eRmHf-qAL._AC_SL1500_-5-768x785.jpg 768w, https:\/\/familytreestore.shop\/wp-content\/uploads\/2026\/05\/71eRmHf-qAL._AC_SL1500_-5-12x12.jpg 12w, https:\/\/familytreestore.shop\/wp-content\/uploads\/2026\/05\/71eRmHf-qAL._AC_SL1500_-5-600x614.jpg 600w, https:\/\/familytreestore.shop\/wp-content\/uploads\/2026\/05\/71eRmHf-qAL._AC_SL1500_-5-50x50.jpg 50w\" sizes=\"(max-width: 1412px) 100vw, 1412px\" \/><\/figure><div class=\"elementor-image-box-content\"><h3 class=\"elementor-image-box-title\">Finlux 50 Zoll 4K HDR LED Smart TV<\/h3><p class=\"elementor-image-box-description\">Dank der 4K Ultra HD-Aufl\u00f6sung und HDR erweckt dieser Fernseher jede Szene mit au\u00dfergew\u00f6hnlicher Klarheit, lebendigen Farben und pr\u00e4zisem Kontrast zum Leben. Dolby Vision verbessert die Bildqualit\u00e4t noch weiter und gibt die Farben und die Tiefe von Kinofilmen genau so wieder, wie es von den Machern beabsichtigt war. Micro Dimming optimiert den Bildschirmkontrast Zone f\u00fcr Zone, w\u00e4hrend Motion Flow f\u00fcr fl\u00fcssige, verwacklungsfreie Bewegungen bei schnellen Sportarten, Filmen und Spielen sorgt.\nGenie\u00dfen Sie endloses Streaming mit einer ganzen Reihe integrierter Premium-Apps: Netflix, YouTube, Prime Video, Disney+, Now TV und TNT Sports - alle leicht zug\u00e4nglich \u00fcber die intuitive Smart-Plattform. Steuern Sie Ihr Fernsehprogramm m\u00fchelos mit der Alexa-Sprachsteuerung, f\u00fcr freih\u00e4ndige Navigation und Smart Home-Integration.<\/p><\/div><\/div>\t\t\t\t<\/div>\n\t\t\t\t\t<\/div>\n\t\t\t\t<\/div>\n\t\t<div class=\"elementor-element elementor-element-379b8a12 e-flex e-con-boxed e-con e-parent\" data-id=\"379b8a12\" data-element_type=\"container\" data-e-type=\"container\" data-settings=\"{&quot;ekit_has_onepagescroll_dot&quot;:&quot;yes&quot;}\">\n\t\t\t\t\t<div class=\"e-con-inner\">\n\t\t\t\t<div class=\"elementor-element elementor-element-52f0656b elementor-widget elementor-widget-text-editor\" data-id=\"52f0656b\" data-element_type=\"widget\" data-e-type=\"widget\" data-settings=\"{&quot;ekit_we_effect_on&quot;:&quot;none&quot;}\" data-widget_type=\"text-editor.default\">\n\t\t\t\t\t\t\t\t\t<div class=\"elementor-widget-container\">\n\n<div class=\"product-table\">\n<div class=\"product-row\">\n<div class=\"product-label\"><strong>Farbe<\/strong><\/div>\n<div class=\"product-value\"><strong>Schwarz<\/strong><\/div>\n<\/div>\n<div class=\"product-row\">\n<div class=\"product-label\"><strong>Gewicht<\/strong><\/div>\n<div class=\"product-value\"><strong>12,5 kg<\/strong><\/div>\n<\/div>\n<div class=\"product-row\">\n<div class=\"product-label\"><strong>Verwendung<\/strong><\/div>\n<div class=\"product-value\"><strong>Heimkino, Filme, Streaming, Spiele<\/strong><\/div>\n<\/div>\n<div class=\"product-row\">\n<div class=\"product-label\"><strong>F\u00fcr<\/strong><\/div>\n<div class=\"product-value\"><strong>Heimanwender, Familien, Streaming-Liebhaber<\/strong><\/div>\n<\/div>\n<div class=\"product-row\">\n<div class=\"product-label\"><strong>Material<\/strong><\/div>\n<div class=\"product-value\"><strong>Kunststoff, Metall, Glas<\/strong><\/div>\n<\/div>\n<div class=\"product-row\">\n<div class=\"product-label\"><strong>Gr\u00f6\u00dfe<\/strong><\/div>\n<div class=\"product-value\"><strong>50 Zoll<\/strong><\/div>\n<\/div>\n<\/div>\n<style>\n.product-table {\nwidth: 100%;\nborder-top: 1px solid #000;\nfont-family: Arial, sans-serif;\n}\n.product-row {\ndisplay: flex;\nborder-bottom: 1px solid #000;\npadding: 12px 0;\n}\n.product-label {\nflex: 1;\nfont-weight: bold;\nmin-width: 200px;\npadding-right: 20px;\n}\n.product-value {\nflex: 1;\nmin-width: 200px;\n}\n<\/style>\n<\/div>\t\t\t\t\t\t\t\t<\/div>\n\t\t\t\t\t<\/div>\n\t\t\t\t<\/div>\n\t\t\t\t<\/div>","protected":false},"excerpt":{"rendered":"<p>Finlux 50 inch 4K HDR LED Smart TV Powered by 4K Ultra HD resolution and HDR, this TV brings every scene to life with exceptional clarity, vivid colours, and precise contrast. Dolby Vision enhances picture quality further, reproducing cinematic colour and depth exactly as creators intended. Micro Dimming optimises screen contrast zone by zone, while [&hellip;]<\/p>\n","protected":false},"featured_media":1043,"comment_status":"open","ping_status":"closed","template":"","meta":{"_acf_changed":false},"product_brand":[],"product_cat":[30,35],"product_tag":[],"class_list":{"0":"post-1042","1":"product","2":"type-product","3":"status-publish","4":"has-post-thumbnail","6":"product_cat-electronics","7":"product_cat-new-in","9":"first","10":"instock","11":"sale","12":"shipping-taxable","13":"purchasable","14":"product-type-simple"},"acf":[],"_links":{"self":[{"href":"https:\/\/familytreestore.shop\/de\/wp-json\/wp\/v2\/product\/1042","targetHints":{"allow":["GET"]}}],"collection":[{"href":"https:\/\/familytreestore.shop\/de\/wp-json\/wp\/v2\/product"}],"about":[{"href":"https:\/\/familytreestore.shop\/de\/wp-json\/wp\/v2\/types\/product"}],"replies":[{"embeddable":true,"href":"https:\/\/familytreestore.shop\/de\/wp-json\/wp\/v2\/comments?post=1042"}],"version-history":[{"count":4,"href":"https:\/\/familytreestore.shop\/de\/wp-json\/wp\/v2\/product\/1042\/revisions"}],"predecessor-version":[{"id":1062,"href":"https:\/\/familytreestore.shop\/de\/wp-json\/wp\/v2\/product\/1042\/revisions\/1062"}],"wp:featuredmedia":[{"embeddable":true,"href":"https:\/\/familytreestore.shop\/de\/wp-json\/wp\/v2\/media\/1043"}],"wp:attachment":[{"href":"https:\/\/familytreestore.shop\/de\/wp-json\/wp\/v2\/media?parent=1042"}],"wp:term":[{"taxonomy":"product_brand","embeddable":true,"href":"https:\/\/familytreestore.shop\/de\/wp-json\/wp\/v2\/product_brand?post=1042"},{"taxonomy":"product_cat","embeddable":true,"href":"https:\/\/familytreestore.shop\/de\/wp-json\/wp\/v2\/product_cat?post=1042"},{"taxonomy":"product_tag","embeddable":true,"href":"https:\/\/familytreestore.shop\/de\/wp-json\/wp\/v2\/product_tag?post=1042"}],"curies":[{"name":"wp","href":"https:\/\/api.w.org\/{rel}","templated":true}]}}