{"id":567,"date":"2026-05-13T12:16:02","date_gmt":"2026-05-13T12:16:02","guid":{"rendered":"https:\/\/familytreestore.shop\/?page_id=567"},"modified":"2026-05-13T13:04:23","modified_gmt":"2026-05-13T13:04:23","slug":"all-departments","status":"publish","type":"page","link":"https:\/\/familytreestore.shop\/de\/all-departments\/","title":{"rendered":"Alle Abteilungen"},"content":{"rendered":"<div data-elementor-type=\"wp-page\" data-elementor-id=\"567\" class=\"elementor elementor-567\" data-elementor-post-type=\"page\">\n\t\t\t\t<div class=\"elementor-element elementor-element-d7728cd e-flex e-con-boxed e-con e-parent\" data-id=\"d7728cd\" data-element_type=\"container\" data-e-type=\"container\" data-settings=\"{&quot;ekit_has_onepagescroll_dot&quot;:&quot;yes&quot;}\">\n\t\t\t\t\t<div class=\"e-con-inner\">\n\t\t\t\t<div class=\"elementor-element elementor-element-382fb83 elementor-widget elementor-widget-html\" data-id=\"382fb83\" data-element_type=\"widget\" data-e-type=\"widget\" data-settings=\"{&quot;ekit_we_effect_on&quot;:&quot;none&quot;}\" data-widget_type=\"html.default\">\n\t\t\t\t\t<!doctype html>\r\n<html lang=\"en\">\r\n<head>\r\n  <meta charset=\"UTF-8\">\r\n  <meta name=\"viewport\" content=\"width=device-width, initial-scale=1.0\">\r\n  <title>About SparkNest \u00b7 SparkNest<\/title>\r\n  <link rel=\"stylesheet\" href=\"..\/page.css\">\r\n  <link rel=\"stylesheet\" href=\"https:\/\/cdnjs.cloudflare.com\/ajax\/libs\/font-awesome\/6.0.0\/css\/all.min.css\">\r\n<\/head>\r\n<body class=\"wf-body\">\r\n  <main class=\"wf-main wf-main--wide\">\r\n    <div class=\"wf-page-heading\">\r\n      <h1>\u00dcber FINEDWEBING<\/h1>\r\n      <p class=\"page-lead\">Gro\u00dfe Freude. Gr\u00f6\u00dfere Promos. Ein L\u00e4cheln seit 2024.<\/p>\r\n    <\/div>\r\n    <section class=\"layout-about-hero\" aria-labelledby=\"about-welcome-heading\">\r\n      <div>\r\n        <h2 class=\"layout-about-hero__title\" id=\"about-welcome-heading\">Willkommen bei FINEDWEBING<\/h2>\r\n        <div class=\"layout-about-hero__body\">\r\n          <p>\r\n            Wir bei FINEDWEBING glauben, dass Einkaufen ein Erlebnis voller Freude und Entdeckungen sein sollte.\r\n            Wir wurden 2024 gegr\u00fcndet und haben es uns zur Aufgabe gemacht, die besten Lifestyle-, Schreibwaren- und Wohnartikel zu\r\n            Preisen, die Sie zum L\u00e4cheln bringen.\r\n          <\/p>\r\n          <p>\r\n            Wir arbeiten direkt mit innovativen Marken und Designern zusammen, um Ihnen exklusive \u201cCollab Drops\u201d und\r\n            w\u00f6chentliche Angebote, die Sie sonst nirgendwo finden. Unsere kuratierten Abteilungen sollen Ihnen helfen\r\n            genau das zu finden, was Sie brauchen.\r\n          <\/p>\r\n        <\/div>\r\n        <div class=\"page-actions\">\r\n        <\/div>\r\n      <\/div>\r\n      <div class=\"layout-about-hero__media\">\r\n        <img loading=\"lazy\" decoding=\"async\"\r\n          src=\"https:\/\/images.unsplash.com\/photo-1522202176988-66273c2fd55f?auto=format&fit=crop&w=900&q=80\"\r\n          width=\"900\"\r\n          height=\"675\"\r\n          alt=\"Team collaborating at a table with laptops\">\r\n      <\/div>\r\n    <\/section>\r\n\r\n    <section class=\"page-panel\" aria-labelledby=\"about-values-heading\">\r\n      <h2 class=\"layout-about-panel-title\" id=\"about-values-heading\">Unsere Grundwerte<\/h2>\r\n      <p class=\"layout-about-panel-lead\">Die S\u00e4ulen, die alles st\u00fctzen, was wir aufbauen.<\/p>\r\n      <div class=\"layout-about-values\">\r\n        <div class=\"layout-about-value\">\r\n          <div class=\"layout-about-value__icon\" aria-hidden=\"true\"><i class=\"fas fa-heart\"><\/i><\/div>\r\n          <h3>Qualit\u00e4t geht vor<\/h3>\r\n          <p>\r\n            Jedes Produkt in unserem FINEDWEBING ist handverlesen und auf Qualit\u00e4t und Haltbarkeit gepr\u00fcft. Wir verkaufen nichts, was wir\r\n            nicht selbst benutzen w\u00fcrden.\r\n          <\/p>\r\n        <\/div>\r\n        <div class=\"layout-about-value\">\r\n          <div class=\"layout-about-value__icon\" aria-hidden=\"true\"><i class=\"fas fa-bolt\"><\/i><\/div>\r\n          <h3>Geschwindigkeit und Service<\/h3>\r\n          <p>\r\n            Schnelle Lieferung ist unser Versprechen. Wir sind bestrebt, Ihr finedwebing innerhalb von 2-3 Werktagen zu Ihnen nach Hause zu bringen\r\n            quer durch das Land.\r\n          <\/p>\r\n        <\/div>\r\n        <div class=\"layout-about-value\">\r\n          <div class=\"layout-about-value__icon\" aria-hidden=\"true\"><i class=\"fas fa-users\"><\/i><\/div>\r\n          <h3>Von der Gemeinschaft getrieben<\/h3>\r\n          <p>\r\n            Unsere Kunden sind unsere gr\u00f6\u00dfte Inspiration. Wir h\u00f6ren zu, passen uns an und wachsen auf der Grundlage Ihres wertvollen\r\n            Feedback.\r\n          <\/p>\r\n        <\/div>\r\n      <\/div>\r\n    <\/section>\r\n\r\n    <section class=\"layout-about-cta\" aria-labelledby=\"about-cta-heading\">\r\n      <h2 id=\"about-cta-heading\">Sind Sie bereit, Ihr Lieblingsst\u00fcck zu finden?<\/h2>\r\n      <p>\r\n        Schlie\u00dfen Sie sich Tausenden von Vielk\u00e4ufern an, die FINEDWEBING f\u00fcr ihre t\u00e4glichen Bed\u00fcrfnisse vertrauen.\r\n      <\/p>\r\n      <div class=\"page-actions\">\r\n      <\/div>\r\n    <\/section>\r\n  <\/main>\r\n<\/body>\r\n<\/html>\r\n\t\t\t\t<\/div>\n\t\t\t\t\t<\/div>\n\t\t\t\t<\/div>\n\t\t\t\t<\/div>","protected":false},"excerpt":{"rendered":"<p>About SparkNest \u00b7 SparkNest About FINEDWEBING Big joy. Bigger promos. Delivering smiles since 2024. Welcome to the FINEDWEBING At FINEDWEBING, we believe that shopping should be an experience filled with joy and discovery. Founded in 2024, our mission is to curate the best lifestyle, stationery, and home essentials at prices that make you smile. We [&hellip;]<\/p>\n","protected":false},"author":1,"featured_media":0,"parent":0,"menu_order":0,"comment_status":"closed","ping_status":"closed","template":"","meta":{"_acf_changed":false,"footnotes":""},"class_list":["post-567","page","type-page","status-publish","hentry"],"acf":[],"_hostinger_reach_plugin_has_subscription_block":false,"_hostinger_reach_plugin_is_elementor":false,"_links":{"self":[{"href":"https:\/\/familytreestore.shop\/de\/wp-json\/wp\/v2\/pages\/567","targetHints":{"allow":["GET"]}}],"collection":[{"href":"https:\/\/familytreestore.shop\/de\/wp-json\/wp\/v2\/pages"}],"about":[{"href":"https:\/\/familytreestore.shop\/de\/wp-json\/wp\/v2\/types\/page"}],"author":[{"embeddable":true,"href":"https:\/\/familytreestore.shop\/de\/wp-json\/wp\/v2\/users\/1"}],"replies":[{"embeddable":true,"href":"https:\/\/familytreestore.shop\/de\/wp-json\/wp\/v2\/comments?post=567"}],"version-history":[{"count":10,"href":"https:\/\/familytreestore.shop\/de\/wp-json\/wp\/v2\/pages\/567\/revisions"}],"predecessor-version":[{"id":632,"href":"https:\/\/familytreestore.shop\/de\/wp-json\/wp\/v2\/pages\/567\/revisions\/632"}],"wp:attachment":[{"href":"https:\/\/familytreestore.shop\/de\/wp-json\/wp\/v2\/media?parent=567"}],"curies":[{"name":"wp","href":"https:\/\/api.w.org\/{rel}","templated":true}]}}